{"id":379,"date":"2017-01-23T02:21:31","date_gmt":"2017-01-23T02:21:31","guid":{"rendered":"http:\/\/travel.physcode.com\/travel-2\/?page_id=379"},"modified":"2022-12-18T11:07:06","modified_gmt":"2022-12-18T10:07:06","slug":"travel-tips","status":"publish","type":"page","link":"https:\/\/srilankasafari.de\/en\/travel-tips\/","title":{"rendered":"Information about Sri Lanka Safari"},"content":{"rendered":"<div class=\"wpb-content-wrapper\"><div class=\"vc_row wpb_row vc_row-fluid\"><div class=\"wpb_column vc_column_container vc_col-sm-12\"><div class=\"vc_column-inner\"><div class=\"wpb_wrapper\">\n\t<div class=\"wpb_text_column wpb_content_element max-600\" >\n\t\t<div class=\"wpb_wrapper\">\n\t\t\t<p>Welcome to Sri Lanka Safari. We would like to introduce you to Sri Lanka Safari. So let's talk about the procedure.<\/p>\n\n\t\t<\/div>\n\t<\/div>\n<\/div><\/div><\/div><\/div><div class=\"vc_row wpb_row vc_row-fluid\"><div class=\"wpb_column vc_column_container vc_col-sm-12\"><div class=\"vc_column-inner\"><div class=\"wpb_wrapper\"><div class=\"vc_tta-container\" data-vc-action=\"collapse\"><div class=\"vc_general vc_tta vc_tta-accordion vc_tta-color-white vc_tta-style-modern vc_tta-shape-square vc_tta-o-shape-group vc_tta-controls-align-default\"><div class=\"vc_tta-panels-container\"><div class=\"vc_tta-panels\"><div class=\"vc_tta-panel vc_active\" id=\"1485138121986-ac01c28d-782a\" data-vc-content=\".vc_tta-panel-body\"><div class=\"vc_tta-panel-heading\"><h4 class=\"vc_tta-panel-title vc_tta-controls-icon-position-right\"><a href=\"#1485138121986-ac01c28d-782a\" data-vc-accordion data-vc-container=\".vc_tta-container\"><span class=\"vc_tta-title-text\">Welcome to Sri Lanka Safari<\/span><i class=\"vc_tta-controls-icon vc_tta-controls-icon-plus\"><\/i><\/a><\/h4><\/div><div class=\"vc_tta-panel-body\"><div class=\"vc_row wpb_row vc_inner vc_row-fluid\"><div class=\"wpb_column vc_column_container vc_col-sm-2\"><div class=\"vc_column-inner\"><div class=\"wpb_wrapper\">\n\t<div  class=\"wpb_single_image wpb_content_element vc_align_left wpb_content_element\">\n\t\t\n\t\t<figure class=\"wpb_wrapper vc_figure\">\n\t\t\t<div class=\"vc_single_image-wrapper   vc_box_border_grey\"><img loading=\"lazy\" decoding=\"async\" width=\"1920\" height=\"1080\" src=\"https:\/\/srilankasafari.de\/wp-content\/uploads\/2022\/10\/Logo-Sri-Lanka-Safari-final-elephant-icon.jpg\" class=\"vc_single_image-img attachment-full\" alt=\"\" title=\"Logo Sri Lanka Safari final-elephant-icon\" srcset=\"https:\/\/srilankasafari.de\/wp-content\/uploads\/2022\/10\/Logo-Sri-Lanka-Safari-final-elephant-icon.jpg 1920w, https:\/\/srilankasafari.de\/wp-content\/uploads\/2022\/10\/Logo-Sri-Lanka-Safari-final-elephant-icon-768x432.jpg 768w, https:\/\/srilankasafari.de\/wp-content\/uploads\/2022\/10\/Logo-Sri-Lanka-Safari-final-elephant-icon-1536x864.jpg 1536w, https:\/\/srilankasafari.de\/wp-content\/uploads\/2022\/10\/Logo-Sri-Lanka-Safari-final-elephant-icon-600x338.jpg 600w\" sizes=\"auto, (max-width: 1920px) 100vw, 1920px\" \/><\/div>\n\t\t<\/figure>\n\t<\/div>\n<\/div><\/div><\/div><div class=\"wpb_column vc_column_container vc_col-sm-10\"><div class=\"vc_column-inner\"><div class=\"wpb_wrapper\">\n\t<div class=\"wpb_text_column wpb_content_element\" >\n\t\t<div class=\"wpb_wrapper\">\n\t\t\t<p>If you are in Sri Lanka, you should definitely go on a safari. There are many national parks on the island. We visit the seven best and most beautiful ones every day. The choice is yours: four hours, eight hours, 2Wheel or 4Wheel. Our safaris are exclusively private safaris. You have the jeep to yourself and your fellow travelers.<br \/>\nYour driver-guide will give you the opportunity to observe numerous exotic animals, including leopards, in their natural habitat.  We currently have a total of 88 vehicles available at the parks.<\/p>\n\n\t\t<\/div>\n\t<\/div>\n<\/div><\/div><\/div><\/div><\/div><\/div><div class=\"vc_tta-panel\" id=\"1485138122013-226d590b-c918\" data-vc-content=\".vc_tta-panel-body\"><div class=\"vc_tta-panel-heading\"><h4 class=\"vc_tta-panel-title vc_tta-controls-icon-position-right\"><a href=\"#1485138122013-226d590b-c918\" data-vc-accordion data-vc-container=\".vc_tta-container\"><span class=\"vc_tta-title-text\">How does Sri Lanka Safari work?<\/span><i class=\"vc_tta-controls-icon vc_tta-controls-icon-plus\"><\/i><\/a><\/h4><\/div><div class=\"vc_tta-panel-body\"><div class=\"vc_row wpb_row vc_inner vc_row-fluid\"><div class=\"wpb_column vc_column_container vc_col-sm-2\"><div class=\"vc_column-inner\"><div class=\"wpb_wrapper\">\n\t<div  class=\"wpb_single_image wpb_content_element vc_align_left wpb_content_element\">\n\t\t\n\t\t<figure class=\"wpb_wrapper vc_figure\">\n\t\t\t<div class=\"vc_single_image-wrapper   vc_box_border_grey\"><img loading=\"lazy\" decoding=\"async\" width=\"1920\" height=\"1080\" src=\"https:\/\/srilankasafari.de\/wp-content\/uploads\/2022\/10\/Logo-Sri-Lanka-Safari-final-elephant-icon.jpg\" class=\"vc_single_image-img attachment-full\" alt=\"\" title=\"Logo Sri Lanka Safari final-elephant-icon\" srcset=\"https:\/\/srilankasafari.de\/wp-content\/uploads\/2022\/10\/Logo-Sri-Lanka-Safari-final-elephant-icon.jpg 1920w, https:\/\/srilankasafari.de\/wp-content\/uploads\/2022\/10\/Logo-Sri-Lanka-Safari-final-elephant-icon-768x432.jpg 768w, https:\/\/srilankasafari.de\/wp-content\/uploads\/2022\/10\/Logo-Sri-Lanka-Safari-final-elephant-icon-1536x864.jpg 1536w, https:\/\/srilankasafari.de\/wp-content\/uploads\/2022\/10\/Logo-Sri-Lanka-Safari-final-elephant-icon-600x338.jpg 600w\" sizes=\"auto, (max-width: 1920px) 100vw, 1920px\" \/><\/div>\n\t\t<\/figure>\n\t<\/div>\n<\/div><\/div><\/div><div class=\"wpb_column vc_column_container vc_col-sm-10\"><div class=\"vc_column-inner\"><div class=\"wpb_wrapper\">\n\t<div class=\"wpb_text_column wpb_content_element\" >\n\t\t<div class=\"wpb_wrapper\">\n\t\t\t<p>In our booking section you decide on a one-day safari. Please fill in the fields carefully. The pick-up address is particularly important for us. The safari starts and ends at your pick-up address. Your private jeep is designed for a maximum of six guests. After booking and payment you will receive a voucher. Approximately 24 hours before the start of the trip, we will contact you again to confirm the pick-up time and pick-up address.<br \/>\nWhen you are picked up at the hotel, you give the voucher to the driver-guide. That's it. Now your safari adventure begins.<\/p>\n\n\t\t<\/div>\n\t<\/div>\n<\/div><\/div><\/div><\/div><\/div><\/div><div class=\"vc_tta-panel\" id=\"1485139578191-6b2d0ce5-6908\" data-vc-content=\".vc_tta-panel-body\"><div class=\"vc_tta-panel-heading\"><h4 class=\"vc_tta-panel-title vc_tta-controls-icon-position-right\"><a href=\"#1485139578191-6b2d0ce5-6908\" data-vc-accordion data-vc-container=\".vc_tta-container\"><span class=\"vc_tta-title-text\">Short distances<\/span><i class=\"vc_tta-controls-icon vc_tta-controls-icon-plus\"><\/i><\/a><\/h4><\/div><div class=\"vc_tta-panel-body\"><div class=\"vc_row wpb_row vc_inner vc_row-fluid\"><div class=\"wpb_column vc_column_container vc_col-sm-2\"><div class=\"vc_column-inner\"><div class=\"wpb_wrapper\">\n\t<div  class=\"wpb_single_image wpb_content_element vc_align_left wpb_content_element\">\n\t\t\n\t\t<figure class=\"wpb_wrapper vc_figure\">\n\t\t\t<div class=\"vc_single_image-wrapper   vc_box_border_grey\"><img loading=\"lazy\" decoding=\"async\" width=\"1920\" height=\"1080\" src=\"https:\/\/srilankasafari.de\/wp-content\/uploads\/2022\/10\/Logo-Sri-Lanka-Safari-final-elephant-icon.jpg\" class=\"vc_single_image-img attachment-full\" alt=\"\" title=\"Logo Sri Lanka Safari final-elephant-icon\" srcset=\"https:\/\/srilankasafari.de\/wp-content\/uploads\/2022\/10\/Logo-Sri-Lanka-Safari-final-elephant-icon.jpg 1920w, https:\/\/srilankasafari.de\/wp-content\/uploads\/2022\/10\/Logo-Sri-Lanka-Safari-final-elephant-icon-768x432.jpg 768w, https:\/\/srilankasafari.de\/wp-content\/uploads\/2022\/10\/Logo-Sri-Lanka-Safari-final-elephant-icon-1536x864.jpg 1536w, https:\/\/srilankasafari.de\/wp-content\/uploads\/2022\/10\/Logo-Sri-Lanka-Safari-final-elephant-icon-600x338.jpg 600w\" sizes=\"auto, (max-width: 1920px) 100vw, 1920px\" \/><\/div>\n\t\t<\/figure>\n\t<\/div>\n<\/div><\/div><\/div><div class=\"wpb_column vc_column_container vc_col-sm-10\"><div class=\"vc_column-inner\"><div class=\"wpb_wrapper\">\n\t<div class=\"wpb_text_column wpb_content_element\" >\n\t\t<div class=\"wpb_wrapper\">\n\t\t\t<p>We have very short distances and work directly with the driver-guides from Sri Lanka. No tour operator, additional agent or international tourism company is involved. In fact, you book your jeep directly from our website in Sri Lanka. The driver settles the voucher with us. Apart from a small service fee, the entire amount goes to the driver and his family.<\/p>\n\n\t\t<\/div>\n\t<\/div>\n<\/div><\/div><\/div><\/div><\/div><\/div><div class=\"vc_tta-panel\" id=\"1485139647654-4d433a89-0408\" data-vc-content=\".vc_tta-panel-body\"><div class=\"vc_tta-panel-heading\"><h4 class=\"vc_tta-panel-title vc_tta-controls-icon-position-right\"><a href=\"#1485139647654-4d433a89-0408\" data-vc-accordion data-vc-container=\".vc_tta-container\"><span class=\"vc_tta-title-text\">All prices are fixed prices<\/span><i class=\"vc_tta-controls-icon vc_tta-controls-icon-plus\"><\/i><\/a><\/h4><\/div><div class=\"vc_tta-panel-body\"><div class=\"vc_row wpb_row vc_inner vc_row-fluid\"><div class=\"wpb_column vc_column_container vc_col-sm-2\"><div class=\"vc_column-inner\"><div class=\"wpb_wrapper\">\n\t<div  class=\"wpb_single_image wpb_content_element vc_align_left wpb_content_element\">\n\t\t\n\t\t<figure class=\"wpb_wrapper vc_figure\">\n\t\t\t<div class=\"vc_single_image-wrapper   vc_box_border_grey\"><img loading=\"lazy\" decoding=\"async\" width=\"1920\" height=\"1080\" src=\"https:\/\/srilankasafari.de\/wp-content\/uploads\/2022\/10\/Logo-Sri-Lanka-Safari-final-elephant-icon.jpg\" class=\"vc_single_image-img attachment-full\" alt=\"\" title=\"Logo Sri Lanka Safari final-elephant-icon\" srcset=\"https:\/\/srilankasafari.de\/wp-content\/uploads\/2022\/10\/Logo-Sri-Lanka-Safari-final-elephant-icon.jpg 1920w, https:\/\/srilankasafari.de\/wp-content\/uploads\/2022\/10\/Logo-Sri-Lanka-Safari-final-elephant-icon-768x432.jpg 768w, https:\/\/srilankasafari.de\/wp-content\/uploads\/2022\/10\/Logo-Sri-Lanka-Safari-final-elephant-icon-1536x864.jpg 1536w, https:\/\/srilankasafari.de\/wp-content\/uploads\/2022\/10\/Logo-Sri-Lanka-Safari-final-elephant-icon-600x338.jpg 600w\" sizes=\"auto, (max-width: 1920px) 100vw, 1920px\" \/><\/div>\n\t\t<\/figure>\n\t<\/div>\n<\/div><\/div><\/div><div class=\"wpb_column vc_column_container vc_col-sm-10\"><div class=\"vc_column-inner\"><div class=\"wpb_wrapper\">\n\t<div class=\"wpb_text_column wpb_content_element\" >\n\t\t<div class=\"wpb_wrapper\">\n\t\t\t<p>No hidden costs. All prices are fixed prices. The drivers are paid directly by us. No detours via large booking portals, etc. The driver - guide will do everything to guarantee you an unforgettable safari adventure.<\/p>\n\n\t\t<\/div>\n\t<\/div>\n<\/div><\/div><\/div><\/div><\/div><\/div><div class=\"vc_tta-panel\" id=\"1485139899143-996324fb-51d0\" data-vc-content=\".vc_tta-panel-body\"><div class=\"vc_tta-panel-heading\"><h4 class=\"vc_tta-panel-title vc_tta-controls-icon-position-right\"><a href=\"#1485139899143-996324fb-51d0\" data-vc-accordion data-vc-container=\".vc_tta-container\"><span class=\"vc_tta-title-text\">Combinations<\/span><i class=\"vc_tta-controls-icon vc_tta-controls-icon-plus\"><\/i><\/a><\/h4><\/div><div class=\"vc_tta-panel-body\"><div class=\"vc_row wpb_row vc_inner vc_row-fluid\"><div class=\"wpb_column vc_column_container vc_col-sm-2\"><div class=\"vc_column-inner\"><div class=\"wpb_wrapper\">\n\t<div  class=\"wpb_single_image wpb_content_element vc_align_left wpb_content_element\">\n\t\t\n\t\t<figure class=\"wpb_wrapper vc_figure\">\n\t\t\t<div class=\"vc_single_image-wrapper   vc_box_border_grey\"><img loading=\"lazy\" decoding=\"async\" width=\"1920\" height=\"1080\" src=\"https:\/\/srilankasafari.de\/wp-content\/uploads\/2022\/10\/Logo-Sri-Lanka-Safari-final-elephant-icon.jpg\" class=\"vc_single_image-img attachment-full\" alt=\"\" title=\"Logo Sri Lanka Safari final-elephant-icon\" srcset=\"https:\/\/srilankasafari.de\/wp-content\/uploads\/2022\/10\/Logo-Sri-Lanka-Safari-final-elephant-icon.jpg 1920w, https:\/\/srilankasafari.de\/wp-content\/uploads\/2022\/10\/Logo-Sri-Lanka-Safari-final-elephant-icon-768x432.jpg 768w, https:\/\/srilankasafari.de\/wp-content\/uploads\/2022\/10\/Logo-Sri-Lanka-Safari-final-elephant-icon-1536x864.jpg 1536w, https:\/\/srilankasafari.de\/wp-content\/uploads\/2022\/10\/Logo-Sri-Lanka-Safari-final-elephant-icon-600x338.jpg 600w\" sizes=\"auto, (max-width: 1920px) 100vw, 1920px\" \/><\/div>\n\t\t<\/figure>\n\t<\/div>\n<\/div><\/div><\/div><div class=\"wpb_column vc_column_container vc_col-sm-10\"><div class=\"vc_column-inner\"><div class=\"wpb_wrapper\">\n\t<div class=\"wpb_text_column wpb_content_element\" >\n\t\t<div class=\"wpb_wrapper\">\n\t\t\t<p>Some of our guests do not have enough vacation time to spend an extra night at a national park. We can pick you up at your beach hotel and transport you to the national park, where you then change to the jeep. Our partner Srilankatransfer is very reliable. Please use the <a href=\"https:\/\/srilankasafari.de\/en\/contact\/\">Contact form<\/a> for an offer.<\/p>\n\n\t\t<\/div>\n\t<\/div>\n<\/div><\/div><\/div><\/div><\/div><\/div><\/div><\/div><\/div><\/div>\n\t<div class=\"wpb_text_column wpb_content_element\" >\n\t\t<div class=\"wpb_wrapper\">\n\t\t\t<p>Please write to us if you have any questions. Our company is very flexible from Habaraduwa.<\/p>\n\n\t\t<\/div>\n\t<\/div>\n<\/div><\/div><\/div><\/div><div class=\"vc_row wpb_row vc_row-fluid\"><div class=\"wpb_column vc_column_container vc_col-sm-12\"><div class=\"vc_column-inner\"><div class=\"wpb_wrapper\"><div class=\"wpb_gallery wpb_content_element vc_clearfix wpb_content_element\" ><div class=\"wpb_wrapper\"><div class=\"wpb_gallery_slides wpb_flexslider flexslider_fade flexslider\" data-interval=\"3\" data-flex_fx=\"fade\"><ul class=\"slides\"><li><img loading=\"lazy\" decoding=\"async\" width=\"960\" height=\"640\" src=\"https:\/\/srilankasafari.de\/wp-content\/uploads\/2022\/10\/Safari-Sri-Lanka-online-gebucht-\u00a9-Nimal-Safari-053.jpg\" class=\"attachment-full\" alt=\"\" title=\"Safari Sri Lanka booked online \u00a9 Nimal Safari 053\" srcset=\"https:\/\/srilankasafari.de\/wp-content\/uploads\/2022\/10\/Safari-Sri-Lanka-online-gebucht-\u00a9-Nimal-Safari-053.jpg 960w, https:\/\/srilankasafari.de\/wp-content\/uploads\/2022\/10\/Safari-Sri-Lanka-online-gebucht-\u00a9-Nimal-Safari-053-768x512.jpg 768w, https:\/\/srilankasafari.de\/wp-content\/uploads\/2022\/10\/Safari-Sri-Lanka-online-gebucht-\u00a9-Nimal-Safari-053-600x400.jpg 600w\" sizes=\"auto, (max-width: 960px) 100vw, 960px\" \/><\/li><li><img loading=\"lazy\" decoding=\"async\" width=\"1080\" height=\"612\" src=\"https:\/\/srilankasafari.de\/wp-content\/uploads\/2022\/10\/Safari-Sri-Lanka-online-gebucht-\u00a9-Nimal-Safari-050.jpg\" class=\"attachment-full\" alt=\"\" title=\"Safari Sri Lanka booked online \u00a9 Nimal Safari 050\" srcset=\"https:\/\/srilankasafari.de\/wp-content\/uploads\/2022\/10\/Safari-Sri-Lanka-online-gebucht-\u00a9-Nimal-Safari-050.jpg 1080w, https:\/\/srilankasafari.de\/wp-content\/uploads\/2022\/10\/Safari-Sri-Lanka-online-gebucht-\u00a9-Nimal-Safari-050-768x435.jpg 768w, https:\/\/srilankasafari.de\/wp-content\/uploads\/2022\/10\/Safari-Sri-Lanka-online-gebucht-\u00a9-Nimal-Safari-050-600x340.jpg 600w\" sizes=\"auto, (max-width: 1080px) 100vw, 1080px\" \/><\/li><li><img loading=\"lazy\" decoding=\"async\" width=\"960\" height=\"1280\" src=\"https:\/\/srilankasafari.de\/wp-content\/uploads\/2022\/10\/Safari-Sri-Lanka-online-gebucht-\u00a9-Nimal-Safari-043.jpg\" class=\"attachment-full\" alt=\"\" title=\"Safari Sri Lanka booked online \u00a9 Nimal Safari 043\" srcset=\"https:\/\/srilankasafari.de\/wp-content\/uploads\/2022\/10\/Safari-Sri-Lanka-online-gebucht-\u00a9-Nimal-Safari-043.jpg 960w, https:\/\/srilankasafari.de\/wp-content\/uploads\/2022\/10\/Safari-Sri-Lanka-online-gebucht-\u00a9-Nimal-Safari-043-768x1024.jpg 768w, https:\/\/srilankasafari.de\/wp-content\/uploads\/2022\/10\/Safari-Sri-Lanka-online-gebucht-\u00a9-Nimal-Safari-043-600x800.jpg 600w\" sizes=\"auto, (max-width: 960px) 100vw, 960px\" \/><\/li><li><img loading=\"lazy\" decoding=\"async\" width=\"2560\" height=\"1442\" src=\"https:\/\/srilankasafari.de\/wp-content\/uploads\/2022\/10\/Safari-Sri-Lanka-online-gebucht-\u00a9-Srilankasafari-Jens-Hoernig-211-scaled.jpg\" class=\"attachment-full\" alt=\"\" title=\"Safari Sri Lanka booked online \u00a9 Srilankasafari Jens Hoernig 211\" srcset=\"https:\/\/srilankasafari.de\/wp-content\/uploads\/2022\/10\/Safari-Sri-Lanka-online-gebucht-\u00a9-Srilankasafari-Jens-Hoernig-211-scaled.jpg 2560w, https:\/\/srilankasafari.de\/wp-content\/uploads\/2022\/10\/Safari-Sri-Lanka-online-gebucht-\u00a9-Srilankasafari-Jens-Hoernig-211-768x433.jpg 768w, https:\/\/srilankasafari.de\/wp-content\/uploads\/2022\/10\/Safari-Sri-Lanka-online-gebucht-\u00a9-Srilankasafari-Jens-Hoernig-211-1536x865.jpg 1536w, https:\/\/srilankasafari.de\/wp-content\/uploads\/2022\/10\/Safari-Sri-Lanka-online-gebucht-\u00a9-Srilankasafari-Jens-Hoernig-211-2048x1154.jpg 2048w, https:\/\/srilankasafari.de\/wp-content\/uploads\/2022\/10\/Safari-Sri-Lanka-online-gebucht-\u00a9-Srilankasafari-Jens-Hoernig-211-600x338.jpg 600w\" sizes=\"auto, (max-width: 2560px) 100vw, 2560px\" \/><\/li><li><img loading=\"lazy\" decoding=\"async\" width=\"2560\" height=\"1442\" src=\"https:\/\/srilankasafari.de\/wp-content\/uploads\/2022\/10\/Safari-Sri-Lanka-online-gebucht-\u00a9-Srilankasafari-Jens-Hoernig-051-scaled.jpg\" class=\"attachment-full\" alt=\"\" title=\"Safari Sri Lanka booked online \u00a9 Srilankasafari Jens Hoernig 051\" srcset=\"https:\/\/srilankasafari.de\/wp-content\/uploads\/2022\/10\/Safari-Sri-Lanka-online-gebucht-\u00a9-Srilankasafari-Jens-Hoernig-051-scaled.jpg 2560w, https:\/\/srilankasafari.de\/wp-content\/uploads\/2022\/10\/Safari-Sri-Lanka-online-gebucht-\u00a9-Srilankasafari-Jens-Hoernig-051-768x433.jpg 768w, https:\/\/srilankasafari.de\/wp-content\/uploads\/2022\/10\/Safari-Sri-Lanka-online-gebucht-\u00a9-Srilankasafari-Jens-Hoernig-051-1536x865.jpg 1536w, https:\/\/srilankasafari.de\/wp-content\/uploads\/2022\/10\/Safari-Sri-Lanka-online-gebucht-\u00a9-Srilankasafari-Jens-Hoernig-051-2048x1154.jpg 2048w, https:\/\/srilankasafari.de\/wp-content\/uploads\/2022\/10\/Safari-Sri-Lanka-online-gebucht-\u00a9-Srilankasafari-Jens-Hoernig-051-600x338.jpg 600w\" sizes=\"auto, (max-width: 2560px) 100vw, 2560px\" \/><\/li><li><img loading=\"lazy\" decoding=\"async\" width=\"1080\" height=\"484\" src=\"https:\/\/srilankasafari.de\/wp-content\/uploads\/2022\/10\/Safari-Sri-Lanka-online-gebucht-\u00a9-Nimal-Safari-034.jpg\" class=\"attachment-full\" alt=\"\" title=\"Safari Sri Lanka booked online \u00a9 Nimal Safari 034\" srcset=\"https:\/\/srilankasafari.de\/wp-content\/uploads\/2022\/10\/Safari-Sri-Lanka-online-gebucht-\u00a9-Nimal-Safari-034.jpg 1080w, https:\/\/srilankasafari.de\/wp-content\/uploads\/2022\/10\/Safari-Sri-Lanka-online-gebucht-\u00a9-Nimal-Safari-034-768x344.jpg 768w, https:\/\/srilankasafari.de\/wp-content\/uploads\/2022\/10\/Safari-Sri-Lanka-online-gebucht-\u00a9-Nimal-Safari-034-600x269.jpg 600w\" sizes=\"auto, (max-width: 1080px) 100vw, 1080px\" \/><\/li><li><img loading=\"lazy\" decoding=\"async\" width=\"2560\" height=\"1442\" src=\"https:\/\/srilankasafari.de\/wp-content\/uploads\/2022\/10\/Safari-Sri-Lanka-online-gebucht-\u00a9-Srilankasafari-Jens-Hoernig-222-scaled.jpg\" class=\"attachment-full\" alt=\"\" title=\"Safari Sri Lanka booked online \u00a9 Srilankasafari Jens Hoernig 222\" srcset=\"https:\/\/srilankasafari.de\/wp-content\/uploads\/2022\/10\/Safari-Sri-Lanka-online-gebucht-\u00a9-Srilankasafari-Jens-Hoernig-222-scaled.jpg 2560w, https:\/\/srilankasafari.de\/wp-content\/uploads\/2022\/10\/Safari-Sri-Lanka-online-gebucht-\u00a9-Srilankasafari-Jens-Hoernig-222-768x433.jpg 768w, https:\/\/srilankasafari.de\/wp-content\/uploads\/2022\/10\/Safari-Sri-Lanka-online-gebucht-\u00a9-Srilankasafari-Jens-Hoernig-222-1536x865.jpg 1536w, https:\/\/srilankasafari.de\/wp-content\/uploads\/2022\/10\/Safari-Sri-Lanka-online-gebucht-\u00a9-Srilankasafari-Jens-Hoernig-222-2048x1154.jpg 2048w, https:\/\/srilankasafari.de\/wp-content\/uploads\/2022\/10\/Safari-Sri-Lanka-online-gebucht-\u00a9-Srilankasafari-Jens-Hoernig-222-scaled-600x338.jpg 600w\" sizes=\"auto, (max-width: 2560px) 100vw, 2560px\" \/><\/li><\/ul><\/div><\/div><\/div><\/div><\/div><\/div><\/div>\n<\/div>","protected":false},"excerpt":{"rendered":"Willkommen bei Sri Lanka Safari. Wir m\u00f6chten dir gern Sri Lanka Safari n\u00e4herbringen. Also: lass uns \u00fcber das Procedere reden. Willkommen auf Sri Lanka Safari Wenn du auf Sri Lanka weilst, solltest du unbedingt eine Safari unternehmen. Auf der Insel befinden sich viele Nationalparks. Die sieben sch\u00f6nsten und besten fahren wir t\u00e4glich an. Du hast [...]","protected":false},"author":1,"featured_media":0,"parent":0,"menu_order":0,"comment_status":"closed","ping_status":"closed","template":"","meta":{"_seopress_robots_primary_cat":"","_seopress_titles_title":"%%post_title%% - Informationen zu Sri Lanka Safari","_seopress_titles_desc":"%%sitetitle%% - Private Safaris in Yala, Udawalawa, Wilpattu, Kumana, Minneriya, Bundala, Gal Oya. ","_seopress_robots_index":"","footnotes":""},"class_list":["post-379","page","type-page","status-publish","hentry"],"_links":{"self":[{"href":"https:\/\/srilankasafari.de\/en\/wp-json\/wp\/v2\/pages\/379","targetHints":{"allow":["GET"]}}],"collection":[{"href":"https:\/\/srilankasafari.de\/en\/wp-json\/wp\/v2\/pages"}],"about":[{"href":"https:\/\/srilankasafari.de\/en\/wp-json\/wp\/v2\/types\/page"}],"author":[{"embeddable":true,"href":"https:\/\/srilankasafari.de\/en\/wp-json\/wp\/v2\/users\/1"}],"replies":[{"embeddable":true,"href":"https:\/\/srilankasafari.de\/en\/wp-json\/wp\/v2\/comments?post=379"}],"version-history":[{"count":13,"href":"https:\/\/srilankasafari.de\/en\/wp-json\/wp\/v2\/pages\/379\/revisions"}],"predecessor-version":[{"id":1430,"href":"https:\/\/srilankasafari.de\/en\/wp-json\/wp\/v2\/pages\/379\/revisions\/1430"}],"wp:attachment":[{"href":"https:\/\/srilankasafari.de\/en\/wp-json\/wp\/v2\/media?parent=379"}],"curies":[{"name":"wp","href":"https:\/\/api.w.org\/{rel}","templated":true}]}}